{"id":13,"date":"2023-12-15T08:37:17","date_gmt":"2023-12-15T08:37:17","guid":{"rendered":"https:\/\/www.puscatii.ro\/?page_id=13"},"modified":"2024-06-10T10:54:36","modified_gmt":"2024-06-10T07:54:36","slug":"doneaza-ruta-apuseana","status":"publish","type":"page","link":"https:\/\/www.puscatii.ro\/en\/doneaza-ruta-apuseana\/","title":{"rendered":"Sus\u021bine proiectul Ruta Apusean\u0103"},"content":{"rendered":"<p>Ajut\u0103-ne don\u00e2nd ast\u0103zi! Str\u00e2ngem fonduri pentru achizi\u021bionarea unei drone pe care inten\u021bion\u0103m s\u0103 o folosim pentru realizarea unui traseu turistic care leag\u0103 Mun\u021bii Z\u0103randului de Mun\u021bii Apuseni.<\/p>","protected":false},"excerpt":{"rendered":"<p>Ajut\u0103-ne don\u00e2nd ast\u0103zi! Str\u00e2ngem fonduri pentru achizi\u021bionarea unei drone pe care inten\u021bion\u0103m s\u0103 o folosim pentru realizarea unui traseu turistic care leag\u0103 Mun\u021bii Z\u0103randului de Mun\u021bii Apuseni.<\/p>","protected":false},"author":1,"featured_media":0,"parent":0,"menu_order":0,"comment_status":"closed","ping_status":"closed","template":"","meta":{"saved_in_kubio":false,"give_campaign_id":0,"footnotes":""},"class_list":["post-13","page","type-page","status-publish","hentry"],"kubio_ai_page_context":{"short_desc":"","purpose":"general"},"campaignId":"","_links":{"self":[{"href":"https:\/\/www.puscatii.ro\/en\/wp-json\/wp\/v2\/pages\/13","targetHints":{"allow":["GET"]}}],"collection":[{"href":"https:\/\/www.puscatii.ro\/en\/wp-json\/wp\/v2\/pages"}],"about":[{"href":"https:\/\/www.puscatii.ro\/en\/wp-json\/wp\/v2\/types\/page"}],"author":[{"embeddable":true,"href":"https:\/\/www.puscatii.ro\/en\/wp-json\/wp\/v2\/users\/1"}],"replies":[{"embeddable":true,"href":"https:\/\/www.puscatii.ro\/en\/wp-json\/wp\/v2\/comments?post=13"}],"version-history":[{"count":6,"href":"https:\/\/www.puscatii.ro\/en\/wp-json\/wp\/v2\/pages\/13\/revisions"}],"predecessor-version":[{"id":1380,"href":"https:\/\/www.puscatii.ro\/en\/wp-json\/wp\/v2\/pages\/13\/revisions\/1380"}],"wp:attachment":[{"href":"https:\/\/www.puscatii.ro\/en\/wp-json\/wp\/v2\/media?parent=13"}],"curies":[{"name":"wp","href":"https:\/\/api.w.org\/{rel}","templated":true}]}}