{"id":1029,"date":"2024-06-08T14:09:53","date_gmt":"2024-06-08T11:09:53","guid":{"rendered":"https:\/\/www.puscatii.ro\/product\/cana-frosty-puscatii\/"},"modified":"2024-06-12T13:09:17","modified_gmt":"2024-06-12T10:09:17","slug":"cana-frosty-puscatii","status":"publish","type":"product","link":"https:\/\/www.puscatii.ro\/en\/product\/cana-frosty-puscatii\/","title":{"rendered":"Puscatii frosty mug"},"content":{"rendered":"<p>Enhance your daily ritual by enjoying your favorite beverages in these personalized glass mugs. Crafted from frosty glass, these mugs add unique style to your routine. Each of the personalized glass mugs has a capacity of 325ml and is dishwasher safe, adding everyday convenience in great style.<\/p>\n<p>With the Puscatii logo carefully inscribed on each mug, they become not only a container for your favorite drinks, but also a statement of style and belonging. Enjoy the taste of every sip in a whole new way, complemented by the matte texture of the frosty glass, which adds a subtle touch of elegance to every relaxing moment.<\/p>\n<p>Please note that these custom mugs should not be microwaved to maintain the integrity and quality of their design. Enjoy every morning or every break moment with these Puscatii glass mugs, bringing a touch of sophistication and individuality to every day.<\/p>\n<p>&nbsp;<\/p>\n<p>&nbsp;<\/p>\n<p>&nbsp;<\/p>\n<p>&nbsp;<\/p>\n<p>&nbsp;<\/p>\n<p>&nbsp;<\/p>","protected":false},"excerpt":{"rendered":"<p>&Icirc;mbun\u0103t\u0103\u021be\u0219te-\u021bi ritualul zilnic savur&acirc;nd b\u0103uturile tale preferate &icirc;n aceste c\u0103ni de sticl\u0103 personalizate. Realizate din sticl\u0103 frosty, aceste c\u0103ni adaug\u0103 un stil unic rutinei tale. Fiecare dintre c\u0103nile de sticl\u0103 personalizate are o capacitate de 325 ml \u0219i este sigur\u0103 pentru ma\u0219ina de sp\u0103lat vase, ad\u0103ug&acirc;nd confortul zilnic &icirc;ntr-un stil deosebit. Cu sigla Pu\u0219ca\u021bii inscrip\u021bionat\u0103 [&hellip;]<\/p>\n","protected":false},"featured_media":1031,"comment_status":"open","ping_status":"closed","template":"","meta":{"saved_in_kubio":false,"give_campaign_id":0},"product_brand":[],"product_cat":[64],"product_tag":[],"class_list":{"0":"post-1029","1":"product","2":"type-product","3":"status-publish","4":"has-post-thumbnail","6":"product_cat-accesorii","8":"first","9":"instock","10":"taxable","11":"shipping-taxable","12":"purchasable","13":"product-type-variable","14":"has-default-attributes"},"_links":{"self":[{"href":"https:\/\/www.puscatii.ro\/en\/wp-json\/wp\/v2\/product\/1029","targetHints":{"allow":["GET"]}}],"collection":[{"href":"https:\/\/www.puscatii.ro\/en\/wp-json\/wp\/v2\/product"}],"about":[{"href":"https:\/\/www.puscatii.ro\/en\/wp-json\/wp\/v2\/types\/product"}],"replies":[{"embeddable":true,"href":"https:\/\/www.puscatii.ro\/en\/wp-json\/wp\/v2\/comments?post=1029"}],"wp:featuredmedia":[{"embeddable":true,"href":"https:\/\/www.puscatii.ro\/en\/wp-json\/wp\/v2\/media\/1031"}],"wp:attachment":[{"href":"https:\/\/www.puscatii.ro\/en\/wp-json\/wp\/v2\/media?parent=1029"}],"wp:term":[{"taxonomy":"product_brand","embeddable":true,"href":"https:\/\/www.puscatii.ro\/en\/wp-json\/wp\/v2\/product_brand?post=1029"},{"taxonomy":"product_cat","embeddable":true,"href":"https:\/\/www.puscatii.ro\/en\/wp-json\/wp\/v2\/product_cat?post=1029"},{"taxonomy":"product_tag","embeddable":true,"href":"https:\/\/www.puscatii.ro\/en\/wp-json\/wp\/v2\/product_tag?post=1029"}],"curies":[{"name":"wp","href":"https:\/\/api.w.org\/{rel}","templated":true}]}}