{"id":1036,"date":"2024-06-08T14:35:04","date_gmt":"2024-06-08T11:35:04","guid":{"rendered":"https:\/\/www.puscatii.ro\/product\/pulover-unisex-cu-guler-rotund-puscatii\/"},"modified":"2025-04-14T00:45:24","modified_gmt":"2025-04-13T21:45:24","slug":"pulover-unisex-cu-guler-rotund-puscatii","status":"publish","type":"product","link":"https:\/\/www.puscatii.ro\/en\/product\/pulover-unisex-cu-guler-rotund-puscatii\/","title":{"rendered":"Puscatii round neck unisex sweater"},"content":{"rendered":"<p>Transform\u0103-\u021bi ziua &icirc;ntr-o experien\u021b\u0103 plin\u0103 de confort \u0219i stil cu puloverul nostru personalizat Pu\u0219ca\u021bii! Fabricat cu aten\u021bie din materiale de calitate \u0219i croit pentru a oferi o senza\u021bie pl\u0103cut\u0103 de fiecare dat\u0103, acest pulover devine rapid piesa preferat\u0103 din garderoba ta. Experimenteaz\u0103 calitatea \u0219i originalitatea &icirc;n fiecare purtare &#8211; bucur\u0103-te de un stil autentic, purt&acirc;nd cu m&acirc;ndrie sigla noastr\u0103 distinctiv\u0103. <\/p>\n<ul>\n<li>Fabricat dintr-un amestec de \u021bes\u0103turi de greutate medie, format din 50% bumbac \u0219i 50% poliester (8.0 oz\/yd&sup2; (271.25 g\/m&sup2;)), acest pulover se simte confortabil \u0219i este alegerea perfect\u0103 pentru lunile mai reci.<\/li>\n<li>Croiala clasic\u0103 &icirc;mpreun\u0103 cu gulerul rotund ofer\u0103 o experien\u021b\u0103 confortabil\u0103 de purtare cu un stil curat. &Icirc;ntre timp, cus\u0103turile duble la um\u0103r, subra\u021b, g&acirc;t, talie \u0219i man\u0219ete adaug\u0103 durabilitate de prim\u0103 clas\u0103.<\/li>\n<li>Spune adio senza\u021biei de m&acirc;nc\u0103rime datorit\u0103 etichetei gri, tear-away, perlizat\u0103.<\/li>\n<li>Fabricat folosind 100% bumbac cultivat etic &icirc;n SUA. Gildan este, de asemenea, un m&acirc;ndru membru al Protocolului de &Icirc;ncredere al Bumbacului din SUA, asigur&acirc;nd mijloace de produc\u021bie etice \u0219i durabile. Vopselele tricourilor goale sunt vopsele certificate OEKO-TEX cu impact redus asupra mediului.<\/li>\n<li>Amestecuri de \u021bes\u0103turi: culorile Heather Sport &#8211; 60% poliester, 40% bumbac<\/li>\n<\/ul>","protected":false},"excerpt":{"rendered":"<p>Transform\u0103-\u021bi ziua &icirc;ntr-o experien\u021b\u0103 plin\u0103 de confort \u0219i stil cu puloverul nostru personalizat Pu\u0219ca\u021bii! Fabricat cu aten\u021bie din materiale de calitate \u0219i croit pentru a oferi o senza\u021bie pl\u0103cut\u0103 de fiecare dat\u0103, acest pulover devine rapid piesa preferat\u0103 din garderoba ta. Experimenteaz\u0103 calitatea \u0219i originalitatea &icirc;n fiecare purtare &#8211; bucur\u0103-te de un stil autentic, purt&acirc;nd [&hellip;]<\/p>\n","protected":false},"featured_media":1060,"comment_status":"open","ping_status":"closed","template":"","meta":{"saved_in_kubio":false,"give_campaign_id":0},"product_brand":[],"product_cat":[64],"product_tag":[],"class_list":{"0":"post-1036","1":"product","2":"type-product","3":"status-publish","4":"has-post-thumbnail","6":"product_cat-accesorii","8":"first","9":"instock","10":"taxable","11":"shipping-taxable","12":"purchasable","13":"product-type-variable","14":"has-default-attributes"},"_links":{"self":[{"href":"https:\/\/www.puscatii.ro\/en\/wp-json\/wp\/v2\/product\/1036","targetHints":{"allow":["GET"]}}],"collection":[{"href":"https:\/\/www.puscatii.ro\/en\/wp-json\/wp\/v2\/product"}],"about":[{"href":"https:\/\/www.puscatii.ro\/en\/wp-json\/wp\/v2\/types\/product"}],"replies":[{"embeddable":true,"href":"https:\/\/www.puscatii.ro\/en\/wp-json\/wp\/v2\/comments?post=1036"}],"wp:featuredmedia":[{"embeddable":true,"href":"https:\/\/www.puscatii.ro\/en\/wp-json\/wp\/v2\/media\/1060"}],"wp:attachment":[{"href":"https:\/\/www.puscatii.ro\/en\/wp-json\/wp\/v2\/media?parent=1036"}],"wp:term":[{"taxonomy":"product_brand","embeddable":true,"href":"https:\/\/www.puscatii.ro\/en\/wp-json\/wp\/v2\/product_brand?post=1036"},{"taxonomy":"product_cat","embeddable":true,"href":"https:\/\/www.puscatii.ro\/en\/wp-json\/wp\/v2\/product_cat?post=1036"},{"taxonomy":"product_tag","embeddable":true,"href":"https:\/\/www.puscatii.ro\/en\/wp-json\/wp\/v2\/product_tag?post=1036"}],"curies":[{"name":"wp","href":"https:\/\/api.w.org\/{rel}","templated":true}]}}