{"id":1104,"date":"2024-06-08T15:48:47","date_gmt":"2024-06-08T12:48:47","guid":{"rendered":"https:\/\/www.puscatii.ro\/product\/tricou-unisex-puscatii-din-bumbac-gros\/"},"modified":"2024-06-12T13:10:21","modified_gmt":"2024-06-12T10:10:21","slug":"tricou-unisex-puscatii-din-bumbac-gros","status":"publish","type":"product","link":"https:\/\/www.puscatii.ro\/en\/product\/tricou-unisex-puscatii-din-bumbac-gros\/","title":{"rendered":"Puscatii Unisex T-shirt in thick cotton"},"content":{"rendered":"<p>Adaug\u0103 un strop de aventur\u0103 garderobei tale cu tricoul unisex din bumbac gros Puscatii. Acest tricou este esen\u021bial pentru orice explorator, oferind confort \u0219i durabilitate \u00een fiecare expedi\u021bie.<\/p>\n<p><strong>Caracteristici tehnice:<\/strong><\/p>\n<ul>\n<li><strong>Material de calitate:<\/strong> Fabricat dintr-un material mediu (5.3 oz\/yd\u00b2 (180 g\/m\u00b2)) ce const\u0103 \u00een 100% bumbac, oferind confort pe tot parcursul anului \u0219i durabilitate excep\u021bional\u0103.<\/li>\n<li><strong>Confort absolut:<\/strong> Croiala clasic\u0103 asigur\u0103 o purtare relaxat\u0103 \u0219i confortabil\u0103, \u00een timp ce gulerul rotund adaug\u0103 un aspect curat \u0219i versatil, ideal pentru orice aventur\u0103.<\/li>\n<li><strong>Detalii practice:<\/strong> Eticheta tear-away garanteaz\u0103 o experien\u021b\u0103 f\u0103r\u0103 zg\u00e2rieturi \u0219i disconfort, iar lipsa cus\u0103turilor laterale elimin\u0103 orice irita\u021bie sub bra\u021be.<\/li>\n<li><strong>Durabilitate:<\/strong> Umerii au band\u0103 pentru o durabilitate \u00eembun\u0103t\u0103\u021bit\u0103, astfel \u00eenc\u00e2t tricoul s\u0103 reziste purt\u0103rii \u00eendelungate \u0219i activit\u0103\u021bilor intense.<\/li>\n<li><strong>Etic \u0219i sustenabil:<\/strong> Fabricat din bumbac 100% crescut \u0219i recoltat etic \u00een SUA. Gildan, m\u00e2ndru membru al Protocolului de \u00cencredere al Bumbacului din SUA, asigur\u0103 mijloace de produc\u021bie etice \u0219i sustenabile. Acest tricou este certificat Oeko-Tex pentru siguran\u021b\u0103 \u0219i calitate.<\/li>\n<\/ul>\n<p>Experimenteaz\u0103 confortul, durabilitatea \u0219i spiritul de aventur\u0103 cu tricoul unisex din bumbac gros Puscatii \u2013 perfect pentru orice zi \u0219i orice activitate.<\/p>\n<table id=\"size-guide\" style=\"min-width: 360px;\">\n<thead>\n<tr>\n<th style=\"padding: 10px;\"><\/th>\n<th style=\"color: #000000; font-weight: 500; text-align: left; font-size: 15px; padding: 10px;\">S<\/th>\n<th style=\"color: #000000; font-weight: 500; text-align: left; font-size: 15px; padding: 10px;\">M<\/th>\n<th style=\"color: #000000; font-weight: 500; text-align: left; font-size: 15px; padding: 10px;\">L<\/th>\n<th style=\"color: #000000; font-weight: 500; text-align: left; font-size: 15px; padding: 10px;\">XL<\/th>\n<th style=\"color: #000000; font-weight: 500; text-align: left; font-size: 15px; padding: 10px;\">2XL<\/th>\n<th style=\"color: #000000; font-weight: 500; text-align: left; font-size: 15px; padding: 10px;\">3XL<\/th>\n<th style=\"color: #000000; font-weight: 500; text-align: left; font-size: 15px; padding: 10px;\">4XL<\/th>\n<th style=\"color: #000000; font-weight: 500; text-align: left; font-size: 15px; padding: 10px;\">5XL<\/th>\n<\/tr>\n<\/thead>\n<tbody>\n<tr>\n<td style=\"padding: 10px; color: #525252; font-size: 15px; border-top: 1px solid #ededed;\">Width, cm<\/td>\n<td style=\"padding: 10px; color: #525252; font-size: 15px; border-top: 1px solid #ededed;\">45.72<\/td>\n<td style=\"padding: 10px; color: #525252; font-size: 15px; border-top: 1px solid #ededed;\">50.80<\/td>\n<td style=\"padding: 10px; color: #525252; font-size: 15px; border-top: 1px solid #ededed;\">55.88<\/td>\n<td style=\"padding: 10px; color: #525252; font-size: 15px; border-top: 1px solid #ededed;\">60.96<\/td>\n<td style=\"padding: 10px; color: #525252; font-size: 15px; border-top: 1px solid #ededed;\">66.04<\/td>\n<td style=\"padding: 10px; color: #525252; font-size: 15px; border-top: 1px solid #ededed;\">71.12<\/td>\n<td style=\"padding: 10px; color: #525252; font-size: 15px; border-top: 1px solid #ededed;\">76.20<\/td>\n<td style=\"padding: 10px; color: #525252; font-size: 15px; border-top: 1px solid #ededed;\">81.28<\/td>\n<\/tr>\n<tr>\n<td style=\"padding: 10px; color: #525252; font-size: 15px; border-top: 1px solid #ededed;\">Length, cm<\/td>\n<td style=\"padding: 10px; color: #525252; font-size: 15px; border-top: 1px solid #ededed;\">71.12<\/td>\n<td style=\"padding: 10px; color: #525252; font-size: 15px; border-top: 1px solid #ededed;\">73.66<\/td>\n<td style=\"padding: 10px; color: #525252; font-size: 15px; border-top: 1px solid #ededed;\">76.20<\/td>\n<td style=\"padding: 10px; color: #525252; font-size: 15px; border-top: 1px solid #ededed;\">78.74<\/td>\n<td style=\"padding: 10px; color: #525252; font-size: 15px; border-top: 1px solid #ededed;\">81.28<\/td>\n<td style=\"padding: 10px; color: #525252; font-size: 15px; border-top: 1px solid #ededed;\">83.82<\/td>\n<td style=\"padding: 10px; color: #525252; font-size: 15px; border-top: 1px solid #ededed;\">86.36<\/td>\n<td style=\"padding: 10px; color: #525252; font-size: 15px; border-top: 1px solid #ededed;\">88.90<\/td>\n<\/tr>\n<tr>\n<td style=\"padding: 10px; color: #525252; font-size: 15px; border-top: 1px solid #ededed;\">Sleeve length (from center back), cm<\/td>\n<td style=\"padding: 10px; color: #525252; font-size: 15px; border-top: 1px solid #ededed;\">38.35<\/td>\n<td style=\"padding: 10px; color: #525252; font-size: 15px; border-top: 1px solid #ededed;\">41.91<\/td>\n<td style=\"padding: 10px; color: #525252; font-size: 15px; border-top: 1px solid #ededed;\">45.72<\/td>\n<td style=\"padding: 10px; color: #525252; font-size: 15px; border-top: 1px solid #ededed;\">49.53<\/td>\n<td style=\"padding: 10px; color: #525252; font-size: 15px; border-top: 1px solid #ededed;\">53.34<\/td>\n<td style=\"padding: 10px; color: #525252; font-size: 15px; border-top: 1px solid #ededed;\">56.90<\/td>\n<td style=\"padding: 10px; color: #525252; font-size: 15px; border-top: 1px solid #ededed;\">60.20<\/td>\n<td style=\"padding: 10px; color: #525252; font-size: 15px; border-top: 1px solid #ededed;\">63.50<\/td>\n<\/tr>\n<\/tbody>\n<\/table>\n<p>&nbsp;<\/p>","protected":false},"excerpt":{"rendered":"<p>Adaug\u0103 un strop de aventur\u0103 garderobei tale cu tricoul unisex din bumbac gros Puscatii. Acest tricou este esen\u021bial pentru orice explorator, oferind confort \u0219i durabilitate \u00een fiecare expedi\u021bie. Caracteristici tehnice: Material de calitate: Fabricat dintr-un material mediu (5.3 oz\/yd\u00b2 (180 g\/m\u00b2)) ce const\u0103 \u00een 100% bumbac, oferind confort pe tot parcursul anului \u0219i durabilitate excep\u021bional\u0103. [&hellip;]<\/p>\n","protected":false},"featured_media":1148,"comment_status":"open","ping_status":"closed","template":"","meta":{"saved_in_kubio":false,"give_campaign_id":0},"product_brand":[],"product_cat":[64],"product_tag":[],"class_list":{"0":"post-1104","1":"product","2":"type-product","3":"status-publish","4":"has-post-thumbnail","6":"product_cat-accesorii","8":"first","9":"instock","10":"taxable","11":"shipping-taxable","12":"purchasable","13":"product-type-variable","14":"has-default-attributes"},"_links":{"self":[{"href":"https:\/\/www.puscatii.ro\/en\/wp-json\/wp\/v2\/product\/1104","targetHints":{"allow":["GET"]}}],"collection":[{"href":"https:\/\/www.puscatii.ro\/en\/wp-json\/wp\/v2\/product"}],"about":[{"href":"https:\/\/www.puscatii.ro\/en\/wp-json\/wp\/v2\/types\/product"}],"replies":[{"embeddable":true,"href":"https:\/\/www.puscatii.ro\/en\/wp-json\/wp\/v2\/comments?post=1104"}],"wp:featuredmedia":[{"embeddable":true,"href":"https:\/\/www.puscatii.ro\/en\/wp-json\/wp\/v2\/media\/1148"}],"wp:attachment":[{"href":"https:\/\/www.puscatii.ro\/en\/wp-json\/wp\/v2\/media?parent=1104"}],"wp:term":[{"taxonomy":"product_brand","embeddable":true,"href":"https:\/\/www.puscatii.ro\/en\/wp-json\/wp\/v2\/product_brand?post=1104"},{"taxonomy":"product_cat","embeddable":true,"href":"https:\/\/www.puscatii.ro\/en\/wp-json\/wp\/v2\/product_cat?post=1104"},{"taxonomy":"product_tag","embeddable":true,"href":"https:\/\/www.puscatii.ro\/en\/wp-json\/wp\/v2\/product_tag?post=1104"}],"curies":[{"name":"wp","href":"https:\/\/api.w.org\/{rel}","templated":true}]}}