{"id":1543,"date":"2024-06-13T00:15:37","date_gmt":"2024-06-12T21:15:37","guid":{"rendered":"https:\/\/www.puscatii.ro\/product\/tricou-barbati-single-jersey-think-outside-the-box\/"},"modified":"2024-06-13T00:19:59","modified_gmt":"2024-06-12T21:19:59","slug":"tricou-barbati-single-jersey-think-outside-the-box","status":"publish","type":"product","link":"https:\/\/www.puscatii.ro\/en\/product\/tricou-barbati-single-jersey-think-outside-the-box\/","title":{"rendered":"Tricou barbati &#8222;Single Jersey&#8221; Think Outside the Box"},"content":{"rendered":"<p>Descoper\u0103 noul nostru tricou &#8222;Think Outside the Box&#8221; &ndash; perfect pentru aventurierii moderni care iubesc s\u0103 g&acirc;ndeasc\u0103 diferit \u0219i s\u0103 exploreze necunoscutul. Fabricat din 100% bumbac piept\u0103nat, &icirc;\u021bi ofer\u0103 confort \u0219i stil. Poart\u0103-l cu m&acirc;ndrie \u0219i las\u0103-\u021bi spiritul de explorator s\u0103 str\u0103luceasc\u0103!<\/p>\n<ul>\n<li>100% bumbac piept\u0103nat (con\u021binutul fibrelor poate varia &icirc;n func\u021bie de culoare)<\/li>\n<li>Material u\u0219or (185 g\/m&sup2;)<\/li>\n<li>Croial\u0103 obi\u0219nuit\u0103<\/li>\n<li>Etichet\u0103 cusut\u0103<\/li>\n<li>Se potrive\u0219te conform m\u0103rimilor standard pentru tricouri<br \/>\n<table id=\"size-guide\" style=\"min-width: 360px\">\n<thead>\n<tr>\n<th style=\"padding: 10px\">&nbsp;<\/th>\n<th style=\"color: #000000;font-weight: 500;text-align: left;font-size: 15px;padding: 10px\">XS<\/th>\n<th style=\"color: #000000;font-weight: 500;text-align: left;font-size: 15px;padding: 10px\">S<\/th>\n<th style=\"color: #000000;font-weight: 500;text-align: left;font-size: 15px;padding: 10px\">M<\/th>\n<th style=\"color: #000000;font-weight: 500;text-align: left;font-size: 15px;padding: 10px\">L<\/th>\n<th style=\"color: #000000;font-weight: 500;text-align: left;font-size: 15px;padding: 10px\">XL<\/th>\n<th style=\"color: #000000;font-weight: 500;text-align: left;font-size: 15px;padding: 10px\">2XL<\/th>\n<th style=\"color: #000000;font-weight: 500;text-align: left;font-size: 15px;padding: 10px\">3XL<\/th>\n<th style=\"color: #000000;font-weight: 500;text-align: left;font-size: 15px;padding: 10px\">4XL<\/th>\n<th style=\"color: #000000;font-weight: 500;text-align: left;font-size: 15px;padding: 10px\">5XL<\/th>\n<\/tr>\n<\/thead>\n<tbody>\n<tr>\n<td style=\"padding: 10px;color: #525252;font-size: 15px;border-top: 1px solid #ededed\">L\u0103\u021bime, cm<\/td>\n<td style=\"padding: 10px;color: #525252;font-size: 15px;border-top: 1px solid #ededed\">47.00<\/td>\n<td style=\"padding: 10px;color: #525252;font-size: 15px;border-top: 1px solid #ededed\">50.00<\/td>\n<td style=\"padding: 10px;color: #525252;font-size: 15px;border-top: 1px solid #ededed\">53.00<\/td>\n<td style=\"padding: 10px;color: #525252;font-size: 15px;border-top: 1px solid #ededed\">56.00<\/td>\n<td style=\"padding: 10px;color: #525252;font-size: 15px;border-top: 1px solid #ededed\">59.00<\/td>\n<td style=\"padding: 10px;color: #525252;font-size: 15px;border-top: 1px solid #ededed\">62.00<\/td>\n<td style=\"padding: 10px;color: #525252;font-size: 15px;border-top: 1px solid #ededed\">65.00<\/td>\n<td style=\"padding: 10px;color: #525252;font-size: 15px;border-top: 1px solid #ededed\">68.00<\/td>\n<td style=\"padding: 10px;color: #525252;font-size: 15px;border-top: 1px solid #ededed\">71.00<\/td>\n<\/tr>\n<tr>\n<td style=\"padding: 10px;color: #525252;font-size: 15px;border-top: 1px solid #ededed\">Lungime, cm<\/td>\n<td style=\"padding: 10px;color: #525252;font-size: 15px;border-top: 1px solid #ededed\">67.00<\/td>\n<td style=\"padding: 10px;color: #525252;font-size: 15px;border-top: 1px solid #ededed\">69.00<\/td>\n<td style=\"padding: 10px;color: #525252;font-size: 15px;border-top: 1px solid #ededed\">72.00<\/td>\n<td style=\"padding: 10px;color: #525252;font-size: 15px;border-top: 1px solid #ededed\">74.00<\/td>\n<td style=\"padding: 10px;color: #525252;font-size: 15px;border-top: 1px solid #ededed\">76.00<\/td>\n<td style=\"padding: 10px;color: #525252;font-size: 15px;border-top: 1px solid #ededed\">78.00<\/td>\n<td style=\"padding: 10px;color: #525252;font-size: 15px;border-top: 1px solid #ededed\">81.00<\/td>\n<td style=\"padding: 10px;color: #525252;font-size: 15px;border-top: 1px solid #ededed\">84.00<\/td>\n<td style=\"padding: 10px;color: #525252;font-size: 15px;border-top: 1px solid #ededed\">87.00<\/td>\n<\/tr>\n<\/tbody>\n<\/table>\n<p>&nbsp;<\/li>\n<\/ul>\n<p>&nbsp;<\/p>","protected":false},"excerpt":{"rendered":"<p>Descoper\u0103 noul nostru tricou &#8222;Think Outside the Box&#8221; &ndash; perfect pentru aventurierii moderni care iubesc s\u0103 g&acirc;ndeasc\u0103 diferit \u0219i s\u0103 exploreze necunoscutul. Fabricat din 100% bumbac piept\u0103nat, &icirc;\u021bi ofer\u0103 confort \u0219i stil. Poart\u0103-l cu m&acirc;ndrie \u0219i las\u0103-\u021bi spiritul de explorator s\u0103 str\u0103luceasc\u0103! 100% bumbac piept\u0103nat (con\u021binutul fibrelor poate varia &icirc;n func\u021bie de culoare) Material u\u0219or [&hellip;]<\/p>\n","protected":false},"featured_media":1581,"comment_status":"open","ping_status":"closed","template":"","meta":{"saved_in_kubio":false,"give_campaign_id":0},"product_brand":[],"product_cat":[64],"product_tag":[],"class_list":{"0":"post-1543","1":"product","2":"type-product","3":"status-publish","4":"has-post-thumbnail","6":"product_cat-accesorii","8":"first","9":"instock","10":"taxable","11":"shipping-taxable","12":"purchasable","13":"product-type-variable","14":"has-default-attributes"},"_links":{"self":[{"href":"https:\/\/www.puscatii.ro\/en\/wp-json\/wp\/v2\/product\/1543","targetHints":{"allow":["GET"]}}],"collection":[{"href":"https:\/\/www.puscatii.ro\/en\/wp-json\/wp\/v2\/product"}],"about":[{"href":"https:\/\/www.puscatii.ro\/en\/wp-json\/wp\/v2\/types\/product"}],"replies":[{"embeddable":true,"href":"https:\/\/www.puscatii.ro\/en\/wp-json\/wp\/v2\/comments?post=1543"}],"wp:featuredmedia":[{"embeddable":true,"href":"https:\/\/www.puscatii.ro\/en\/wp-json\/wp\/v2\/media\/1581"}],"wp:attachment":[{"href":"https:\/\/www.puscatii.ro\/en\/wp-json\/wp\/v2\/media?parent=1543"}],"wp:term":[{"taxonomy":"product_brand","embeddable":true,"href":"https:\/\/www.puscatii.ro\/en\/wp-json\/wp\/v2\/product_brand?post=1543"},{"taxonomy":"product_cat","embeddable":true,"href":"https:\/\/www.puscatii.ro\/en\/wp-json\/wp\/v2\/product_cat?post=1543"},{"taxonomy":"product_tag","embeddable":true,"href":"https:\/\/www.puscatii.ro\/en\/wp-json\/wp\/v2\/product_tag?post=1543"}],"curies":[{"name":"wp","href":"https:\/\/api.w.org\/{rel}","templated":true}]}}