{"id":861,"date":"2024-06-07T16:14:21","date_gmt":"2024-06-07T13:14:21","guid":{"rendered":"https:\/\/www.puscatii.ro\/produs\/plush-toy-with-t-shirt\/"},"modified":"2024-06-12T13:08:16","modified_gmt":"2024-06-12T10:08:16","slug":"plush-toy-with-t-shirt","status":"publish","type":"product","link":"https:\/\/www.puscatii.ro\/en\/product\/plush-toy-with-t-shirt\/","title":{"rendered":"Teddy bear with Puscatii T-shirt"},"content":{"rendered":"<p>Descoper\u0103 magia celor mai adorabile produse personalizate, acum cu o not\u0103 de aventur\u0103 unic\u0103! Alege un plu\u0219 unic pentru cei dragi, cu un tricou pe care este imprimat\u0103 sigla Asocia\u021biei Exploratorilor Pu\u0219ca\u021bii.<\/p>\n<ul>\n<li>Tricou 100% Poliester: Moale \u0219i confortabil, perfect pentru &icirc;mbr\u0103\u021bi\u0219\u0103ri nesf&acirc;r\u0219ite.<\/li>\n<li>Sigla Asocia\u021biei Exploratorilor Pu\u0219ca\u021bii: Un design unic care aduce spiritul aventurii \u0219i curajului &icirc;n fiecare juc\u0103rie.<\/li>\n<li>Etichet\u0103 cusut\u0103 discret: Mic detaliu elegant, plasat pe piciorul st&acirc;ng al plu\u0219ului.<\/li>\n<\/ul>\n<p>F\u0103 o surpriz\u0103 celor dragi cu un plu\u0219 personalizat care transmite emo\u021bie, personalitate \u0219i spirit de aventur\u0103. Este cadoul perfect pentru orice ocazie, de la anivers\u0103ri la momentele &icirc;n care vrei s\u0103 ar\u0103\u021bi c&acirc;t de mult &icirc;\u021bi pas\u0103!<\/p>","protected":false},"excerpt":{"rendered":"<p>Descoper\u0103 magia celor mai adorabile produse personalizate, acum cu o not\u0103 de aventur\u0103 unic\u0103! Alege un plu\u0219 unic pentru cei dragi, cu un tricou pe care este imprimat\u0103 sigla Asocia\u021biei Exploratorilor Pu\u0219ca\u021bii. Tricou 100% Poliester: Moale \u0219i confortabil, perfect pentru &icirc;mbr\u0103\u021bi\u0219\u0103ri nesf&acirc;r\u0219ite. Sigla Asocia\u021biei Exploratorilor Pu\u0219ca\u021bii: Un design unic care aduce spiritul aventurii \u0219i curajului [&hellip;]<\/p>\n","protected":false},"featured_media":867,"comment_status":"open","ping_status":"closed","template":"","meta":{"saved_in_kubio":false,"give_campaign_id":0},"product_brand":[],"product_cat":[64],"product_tag":[],"class_list":{"0":"post-861","1":"product","2":"type-product","3":"status-publish","4":"has-post-thumbnail","6":"product_cat-accesorii","8":"first","9":"instock","10":"taxable","11":"shipping-taxable","12":"purchasable","13":"product-type-variable","14":"has-default-attributes"},"_links":{"self":[{"href":"https:\/\/www.puscatii.ro\/en\/wp-json\/wp\/v2\/product\/861","targetHints":{"allow":["GET"]}}],"collection":[{"href":"https:\/\/www.puscatii.ro\/en\/wp-json\/wp\/v2\/product"}],"about":[{"href":"https:\/\/www.puscatii.ro\/en\/wp-json\/wp\/v2\/types\/product"}],"replies":[{"embeddable":true,"href":"https:\/\/www.puscatii.ro\/en\/wp-json\/wp\/v2\/comments?post=861"}],"wp:featuredmedia":[{"embeddable":true,"href":"https:\/\/www.puscatii.ro\/en\/wp-json\/wp\/v2\/media\/867"}],"wp:attachment":[{"href":"https:\/\/www.puscatii.ro\/en\/wp-json\/wp\/v2\/media?parent=861"}],"wp:term":[{"taxonomy":"product_brand","embeddable":true,"href":"https:\/\/www.puscatii.ro\/en\/wp-json\/wp\/v2\/product_brand?post=861"},{"taxonomy":"product_cat","embeddable":true,"href":"https:\/\/www.puscatii.ro\/en\/wp-json\/wp\/v2\/product_cat?post=861"},{"taxonomy":"product_tag","embeddable":true,"href":"https:\/\/www.puscatii.ro\/en\/wp-json\/wp\/v2\/product_tag?post=861"}],"curies":[{"name":"wp","href":"https:\/\/api.w.org\/{rel}","templated":true}]}}